{"id":1832,"date":"2023-12-25T23:15:03","date_gmt":"2023-12-25T20:15:03","guid":{"rendered":"https:\/\/bengudoor.com\/iletisim\/"},"modified":"2024-07-08T13:01:08","modified_gmt":"2024-07-08T10:01:08","slug":"contact","status":"publish","type":"page","link":"https:\/\/bengudoor.com\/en\/contact\/","title":{"rendered":"Contact"},"content":{"rendered":"\t\t<div data-elementor-type=\"wp-page\" data-elementor-id=\"1832\" class=\"elementor elementor-1832\">\n\t\t\t\t<div class=\"elementor-element elementor-element-fc4a6a1 wd-section-stretch e-con-full e-flex e-con e-parent\" data-id=\"fc4a6a1\" data-element_type=\"container\" data-e-type=\"container\" data-settings=\"{&quot;background_background&quot;:&quot;classic&quot;}\">\n\t\t\t\t<div class=\"elementor-element elementor-element-768dc07 elementor-widget elementor-widget-html\" data-id=\"768dc07\" data-element_type=\"widget\" data-e-type=\"widget\" data-widget_type=\"html.default\">\n\t\t\t\t<div class=\"elementor-widget-container\">\n\t\t\t\t\t<iframe src=\"https:\/\/www.google.com\/maps\/embed?pb=!1m18!1m12!1m3!1d3006.7548458801034!2d28.61622657665788!3d41.096202771338476!2m3!1f0!2f0!3f0!3m2!1i1024!2i768!4f13.1!3m3!1m2!1s0x14b55fc3c376a2b1%3A0x7a0f8fc1097a0a75!2zQkVOR8OcIE9STUFOIMOcUsOcTkxFUsSw!5e0!3m2!1str!2str!4v1706970111729!5m2!1str!2str\" width=\"600\" height=\"450\" style=\"border:0;\" allowfullscreen=\"\" loading=\"lazy\" referrerpolicy=\"no-referrer-when-downgrade\"><\/iframe>\t\t\t\t<\/div>\n\t\t\t\t<\/div>\n\t\t\t\t<\/div>\n\t\t\t\t<section class=\"wd-negative-gap elementor-section elementor-top-section elementor-element elementor-element-1ee102d elementor-section-boxed elementor-section-height-default elementor-section-height-default\" data-id=\"1ee102d\" data-element_type=\"section\" data-e-type=\"section\" data-settings=\"{&quot;background_background&quot;:&quot;gradient&quot;}\">\n\t\t\t\t\t\t<div class=\"elementor-container elementor-column-gap-default\">\n\t\t\t\t\t<div class=\"elementor-column elementor-col-50 elementor-top-column elementor-element elementor-element-6303ec17\" data-id=\"6303ec17\" data-element_type=\"column\" data-e-type=\"column\">\n\t\t\t<div class=\"elementor-widget-wrap elementor-element-populated\">\n\t\t\t\t\t\t<div class=\"elementor-element elementor-element-3ddf70c9 wd-width-100 elementor-widget elementor-widget-wd_title\" data-id=\"3ddf70c9\" data-element_type=\"widget\" data-e-type=\"widget\" data-widget_type=\"wd_title.default\">\n\t\t\t\t<div class=\"elementor-widget-container\">\n\t\t\t\t\t\t\t<div class=\"title-wrapper wd-set-mb reset-last-child wd-title-color-default wd-title-style-bordered wd-title-size-default text-left\">\n\n\t\t\t\n\t\t\t<div class=\"liner-continer\">\n\t\t\t\t<h4 class=\"woodmart-title-container title wd-fontsize-l\">CONTACT DETAILS<\/h4> \n\t\t\t\t\t\t\t<\/div>\n\n\t\t\t\t\t<\/div>\n\t\t\t\t\t\t<\/div>\n\t\t\t\t<\/div>\n\t\t\t\t<section class=\"wd-negative-gap elementor-section elementor-inner-section elementor-element elementor-element-2a3a2512 elementor-section-boxed elementor-section-height-default elementor-section-height-default\" data-id=\"2a3a2512\" data-element_type=\"section\" data-e-type=\"section\">\n\t\t\t\t\t\t<div class=\"elementor-container elementor-column-gap-extended\">\n\t\t\t\t\t<div class=\"elementor-column elementor-col-50 elementor-inner-column elementor-element elementor-element-2e974f3\" data-id=\"2e974f3\" data-element_type=\"column\" data-e-type=\"column\">\n\t\t\t<div class=\"elementor-widget-wrap elementor-element-populated\">\n\t\t\t\t\t\t<div class=\"elementor-element elementor-element-5482604a elementor-widget elementor-widget-wd_infobox\" data-id=\"5482604a\" data-element_type=\"widget\" data-e-type=\"widget\" data-widget_type=\"wd_infobox.default\">\n\t\t\t\t<div class=\"elementor-widget-container\">\n\t\t\t\t\t\t\t<div class=\"info-box-wrapper\">\n\t\t\t<div class=\"wd-info-box text-left box-icon-align-left box-style-base color-scheme- wd-items-top\">\n\t\t\t\t\t\t\t\t\t<div class=\"box-icon-wrapper  box-with-icon box-icon-simple\">\n\t\t\t\t\t\t<div class=\"info-box-icon\">\n\t\t\t\t\t\t\t\t\t\t\t\t\t\t\t<div class=\"info-svg-wrapper\" style=\"width:30px; height:30px;\"><img decoding=\"async\"  src=\"https:\/\/bengudoor.com\/wp-content\/uploads\/2023\/12\/wd-phone-dark.svg\" title=\"wd-phone-dark.svg\" loading=\"lazy\" width=\"30\" height=\"30\"><\/div>\t\t\t\t\t\t\t\t\t\t\t\t\t<\/div>\n\t\t\t\t\t<\/div>\n\t\t\t\t\n\t\t\t\t<div class=\"info-box-content\">\n\t\t\t\t\t\n\t\t\t\t\t\n\t\t\t\t\t<div class=\"info-box-inner reset-last-child\"data-elementor-setting-key=\"content\"><p><font color=\"#333333\"><b>Phone<\/b><\/font><\/p>\n<p><a href=\"tel:+90 532 739 84 66\">0 (532) 739 84 66<\/a><span style=\"font-size: 14px; text-align: var(--text-align); background-color: transparent; color: var(--wd-text-color);\"><\/span><\/p>\n<\/div>\n\n\t\t\t\t\t\t\t\t\t<\/div>\n\n\t\t\t\t\t\t\t<\/div>\n\t\t<\/div>\n\t\t\t\t\t\t<\/div>\n\t\t\t\t<\/div>\n\t\t\t\t\t<\/div>\n\t\t<\/div>\n\t\t\t\t<div class=\"elementor-column elementor-col-50 elementor-inner-column elementor-element elementor-element-6977fee6\" data-id=\"6977fee6\" data-element_type=\"column\" data-e-type=\"column\">\n\t\t\t<div class=\"elementor-widget-wrap elementor-element-populated\">\n\t\t\t\t\t\t<div class=\"elementor-element elementor-element-1901fd38 elementor-widget elementor-widget-wd_infobox\" data-id=\"1901fd38\" data-element_type=\"widget\" data-e-type=\"widget\" data-widget_type=\"wd_infobox.default\">\n\t\t\t\t<div class=\"elementor-widget-container\">\n\t\t\t\t\t\t\t<div class=\"info-box-wrapper\">\n\t\t\t<div class=\"wd-info-box text-left box-icon-align-left box-style-base color-scheme- wd-items-top\">\n\t\t\t\t\t\t\t\t\t<div class=\"box-icon-wrapper  box-with-icon box-icon-simple\">\n\t\t\t\t\t\t<div class=\"info-box-icon\">\n\t\t\t\t\t\t\t\t\t\t\t\t\t\t\t<div class=\"info-svg-wrapper\" style=\"width:30px; height:30px;\"><img decoding=\"async\"  src=\"https:\/\/bengudoor.com\/wp-content\/uploads\/2023\/12\/wd-envelope-dark.svg\" title=\"wd-envelope-dark.svg\" loading=\"lazy\" width=\"30\" height=\"30\"><\/div>\t\t\t\t\t\t\t\t\t\t\t\t\t<\/div>\n\t\t\t\t\t<\/div>\n\t\t\t\t\n\t\t\t\t<div class=\"info-box-content\">\n\t\t\t\t\t\n\t\t\t\t\t\n\t\t\t\t\t<div class=\"info-box-inner reset-last-child\"data-elementor-setting-key=\"content\"><p><span style=\"color: #333333;\"><strong>E-Mail<\/strong><\/span><\/p>\n<p><a href=\"mailto:info@bengudoor.com\"><span aria-label=\"(0212) 436 71 20 Numaral\u0131 Telefonu Ara\">info@bengudoor.com<\/span><\/a><\/p>\n<\/div>\n\n\t\t\t\t\t\t\t\t\t<\/div>\n\n\t\t\t\t\t\t\t<\/div>\n\t\t<\/div>\n\t\t\t\t\t\t<\/div>\n\t\t\t\t<\/div>\n\t\t\t\t\t<\/div>\n\t\t<\/div>\n\t\t\t\t\t<\/div>\n\t\t<\/section>\n\t\t\t\t<section class=\"wd-negative-gap elementor-section elementor-inner-section elementor-element elementor-element-66759ec elementor-section-boxed elementor-section-height-default elementor-section-height-default\" data-id=\"66759ec\" data-element_type=\"section\" data-e-type=\"section\">\n\t\t\t\t\t\t<div class=\"elementor-container elementor-column-gap-extended\">\n\t\t\t\t\t<div class=\"elementor-column elementor-col-100 elementor-inner-column elementor-element elementor-element-5bc23d0\" data-id=\"5bc23d0\" data-element_type=\"column\" data-e-type=\"column\">\n\t\t\t<div class=\"elementor-widget-wrap elementor-element-populated\">\n\t\t\t\t\t\t<div class=\"elementor-element elementor-element-e0f4e97 elementor-widget elementor-widget-wd_infobox\" data-id=\"e0f4e97\" data-element_type=\"widget\" data-e-type=\"widget\" data-widget_type=\"wd_infobox.default\">\n\t\t\t\t<div class=\"elementor-widget-container\">\n\t\t\t\t\t\t\t<div class=\"info-box-wrapper\">\n\t\t\t<div class=\"wd-info-box text-left box-icon-align-left box-style-base color-scheme- wd-items-top\">\n\t\t\t\t\t\t\t\t\t<div class=\"box-icon-wrapper  box-with-icon box-icon-simple\">\n\t\t\t\t\t\t<div class=\"info-box-icon\">\n\t\t\t\t\t\t\t\t\t\t\t\t\t\t\t<div class=\"info-svg-wrapper\" style=\"width:30px; height:30px;\"><img decoding=\"async\"  src=\"https:\/\/bengudoor.com\/wp-content\/uploads\/2023\/12\/w-map-placeholder.svg\" title=\"w-map-placeholder.svg\" loading=\"lazy\" width=\"30\" height=\"30\"><\/div>\t\t\t\t\t\t\t\t\t\t\t\t\t<\/div>\n\t\t\t\t\t<\/div>\n\t\t\t\t\n\t\t\t\t<div class=\"info-box-content\">\n\t\t\t\t\t\n\t\t\t\t\t\n\t\t\t\t\t<div class=\"info-box-inner reset-last-child\"data-elementor-setting-key=\"content\"><p><span style=\"color: #333333;\"><strong>Address:<\/strong><\/span><\/p>\n<div id=\"eluid8a9c1473\" class=\"kl-iconbox eluid8a9c1473 kl-iconbox--type-icon kl-iconbox--fleft kl-iconbox--align-left text-left kl-iconbox--theme-light element-scheme--light\">\n<div class=\"kl-iconbox__inner clearfix\">\n<div class=\"kl-iconbox__content-wrapper\">\n<div class=\" kl-iconbox__el-wrapper kl-iconbox__desc-wrapper\">\n<p class=\"kl-iconbox__desc\">Karaa\u011fac Mh. Yi\u011fitt\u00fcrk Cd. No:36 B\/3 B\u00fcy\u00fck\u00e7ekmece \/ \u0130stanbul<\/p>\n<\/div>\n<\/div>\n<\/div>\n<\/div>\n<\/div>\n\n\t\t\t\t\t\t\t\t\t<\/div>\n\n\t\t\t\t\t\t\t<\/div>\n\t\t<\/div>\n\t\t\t\t\t\t<\/div>\n\t\t\t\t<\/div>\n\t\t\t\t\t<\/div>\n\t\t<\/div>\n\t\t\t\t\t<\/div>\n\t\t<\/section>\n\t\t\t\t<div class=\"elementor-element elementor-element-7ca2748 elementor-widget elementor-widget-wd_text_block\" data-id=\"7ca2748\" data-element_type=\"widget\" data-e-type=\"widget\" data-widget_type=\"wd_text_block.default\">\n\t\t\t\t<div class=\"elementor-widget-container\">\n\t\t\t\t\t\t\t<div class=\"wd-text-block reset-last-child text-left color-title\">\n\t\t\t\n\t\t\t<p>Do you have questions about how we can help your company ?<span style=\"color: #e31e25;\"><br \/>Send us an email via the offer form and we will contact you shortly.<\/span><\/p>\n\t\t\t\t\t<\/div>\n\t\t\t\t\t\t<\/div>\n\t\t\t\t<\/div>\n\t\t\t\t\t<\/div>\n\t\t<\/div>\n\t\t\t\t<div class=\"elementor-column elementor-col-50 elementor-top-column elementor-element elementor-element-5ff1c719\" data-id=\"5ff1c719\" data-element_type=\"column\" data-e-type=\"column\">\n\t\t\t<div class=\"elementor-widget-wrap elementor-element-populated\">\n\t\t\t\t\t\t<div class=\"elementor-element elementor-element-9fd9a5b wd-width-100 elementor-widget elementor-widget-wd_title\" data-id=\"9fd9a5b\" data-element_type=\"widget\" data-e-type=\"widget\" data-widget_type=\"wd_title.default\">\n\t\t\t\t<div class=\"elementor-widget-container\">\n\t\t\t\t\t\t\t<div class=\"title-wrapper wd-set-mb reset-last-child wd-title-color-default wd-title-style-default wd-title-size-default text-left\">\n\n\t\t\t\t\t\t\t\t\t\t\t<div class=\"title-subtitle subtitle-color-default subtitle-style-default wd-fontsize-xs\">\n\t\t\t\t\tBENGU DOOR\t\t\t\t<\/div>\n\t\t\t\n\t\t\t<div class=\"liner-continer\">\n\t\t\t\t<h4 class=\"woodmart-title-container title wd-fontsize-l\">OFFER FORM<\/h4> \n\t\t\t\t\t\t\t<\/div>\n\n\t\t\t\t\t<\/div>\n\t\t\t\t\t\t<\/div>\n\t\t\t\t<\/div>\n\t\t\t\t<div class=\"elementor-element elementor-element-4ead3afa wd-cf7 elementor-widget elementor-widget-wd_contact_form_7\" data-id=\"4ead3afa\" data-element_type=\"widget\" data-e-type=\"widget\" data-widget_type=\"wd_contact_form_7.default\">\n\t\t\t\t<div class=\"elementor-widget-container\">\n\t\t\t\t\t\n<div class=\"wpcf7 no-js\" id=\"wpcf7-f2177-o1\" lang=\"en-US\" dir=\"ltr\" data-wpcf7-id=\"2177\">\n<div class=\"screen-reader-response\"><p role=\"status\" aria-live=\"polite\" aria-atomic=\"true\"><\/p> <ul><\/ul><\/div>\n<form action=\"\/en\/wp-json\/wp\/v2\/pages\/1832#wpcf7-f2177-o1\" method=\"post\" class=\"wpcf7-form init\" aria-label=\"Contact form\" novalidate=\"novalidate\" data-status=\"init\">\n<div style=\"display: none;\">\n<input type=\"hidden\" name=\"_wpcf7\" value=\"2177\" \/>\n<input type=\"hidden\" name=\"_wpcf7_version\" value=\"6.0.6\" \/>\n<input type=\"hidden\" name=\"_wpcf7_locale\" value=\"en_US\" \/>\n<input type=\"hidden\" name=\"_wpcf7_unit_tag\" value=\"wpcf7-f2177-o1\" \/>\n<input type=\"hidden\" name=\"_wpcf7_container_post\" value=\"0\" \/>\n<input type=\"hidden\" name=\"_wpcf7_posted_data_hash\" value=\"\" \/>\n<\/div>\n<p><label> Name<br \/>\n<span class=\"wpcf7-form-control-wrap\" data-name=\"your-name\"><input size=\"40\" maxlength=\"400\" class=\"wpcf7-form-control wpcf7-text wpcf7-validates-as-required\" autocomplete=\"name\" aria-required=\"true\" aria-invalid=\"false\" value=\"\" type=\"text\" name=\"your-name\" \/><\/span> <\/label>\n<\/p>\n<p><label> E-Mail<br \/>\n<span class=\"wpcf7-form-control-wrap\" data-name=\"your-email\"><input size=\"40\" maxlength=\"400\" class=\"wpcf7-form-control wpcf7-email wpcf7-validates-as-required wpcf7-text wpcf7-validates-as-email\" autocomplete=\"email\" aria-required=\"true\" aria-invalid=\"false\" value=\"\" type=\"email\" name=\"your-email\" \/><\/span> <\/label>\n<\/p>\n<p><label> Message<br \/>\n<span class=\"wpcf7-form-control-wrap\" data-name=\"your-message\"><textarea cols=\"40\" rows=\"10\" maxlength=\"2000\" class=\"wpcf7-form-control wpcf7-textarea\" aria-invalid=\"false\" name=\"your-message\"><\/textarea><\/span> <\/label>\n<\/p>\n<p><input class=\"wpcf7-form-control wpcf7-submit has-spinner\" type=\"submit\" value=\"Submit\" \/>\n<\/p><div class=\"wpcf7-response-output\" aria-hidden=\"true\"><\/div>\n<\/form>\n<\/div>\n\t\t\t\t<\/div>\n\t\t\t\t<\/div>\n\t\t\t\t\t<\/div>\n\t\t<\/div>\n\t\t\t\t\t<\/div>\n\t\t<\/section>\n\t\t\t\t<\/div>\n\t\t","protected":false},"excerpt":{"rendered":"<p>CONTACT DETAILS Phone 0 (532) 739 84 66 E-Mail info@bengudoor.com Address: Karaa\u011fac Mh. Yi\u011fitt\u00fcrk Cd. No:36 B\/3 B\u00fcy\u00fck\u00e7ekmece \/ \u0130stanbul<\/p>\n","protected":false},"author":1,"featured_media":1815,"parent":0,"menu_order":0,"comment_status":"closed","ping_status":"closed","template":"","meta":{"footnotes":""},"class_list":["post-1832","page","type-page","status-publish","has-post-thumbnail","hentry"],"yoast_head":"<!-- This site is optimized with the Yoast SEO plugin v22.7 - https:\/\/yoast.com\/wordpress\/plugins\/seo\/ -->\n<title>Contact Details - Beng\u00fc Door<\/title>\n<meta name=\"description\" content=\"Visit our contact page to get in touch with Beng\u00fc Door. Contact us for your questions and requests.\" \/>\n<meta name=\"robots\" content=\"index, follow, max-snippet:-1, max-image-preview:large, max-video-preview:-1\" \/>\n<link rel=\"canonical\" href=\"https:\/\/bengudoor.com\/en\/contact\/\" \/>\n<meta property=\"og:locale\" content=\"en_US\" \/>\n<meta property=\"og:type\" content=\"article\" \/>\n<meta property=\"og:title\" content=\"Contact Details - Beng\u00fc Door\" \/>\n<meta property=\"og:description\" content=\"Visit our contact page to get in touch with Beng\u00fc Door. Contact us for your questions and requests.\" \/>\n<meta property=\"og:url\" content=\"https:\/\/bengudoor.com\/en\/contact\/\" \/>\n<meta property=\"og:site_name\" content=\"Beng\u00fc Kap\u0131 ve Orman \u00dcr\u00fcnleri\" \/>\n<meta property=\"article:publisher\" content=\"https:\/\/www.facebook.com\/bengudoor\" \/>\n<meta property=\"article:modified_time\" content=\"2024-07-08T10:01:08+00:00\" \/>\n<meta property=\"og:image\" content=\"https:\/\/bengudoor.com\/wp-content\/uploads\/2024\/02\/bengu-hakkimizda-gorsel-2.webp\" \/>\n\t<meta property=\"og:image:width\" content=\"1080\" \/>\n\t<meta property=\"og:image:height\" content=\"1080\" \/>\n\t<meta property=\"og:image:type\" content=\"image\/webp\" \/>\n<meta name=\"twitter:card\" content=\"summary_large_image\" \/>\n<meta name=\"twitter:label1\" content=\"Est. reading time\" \/>\n\t<meta name=\"twitter:data1\" content=\"1 minute\" \/>\n<script type=\"application\/ld+json\" class=\"yoast-schema-graph\">{\"@context\":\"https:\/\/schema.org\",\"@graph\":[{\"@type\":\"WebPage\",\"@id\":\"https:\/\/bengudoor.com\/en\/contact\/\",\"url\":\"https:\/\/bengudoor.com\/en\/contact\/\",\"name\":\"Contact Details - Beng\u00fc Door\",\"isPartOf\":{\"@id\":\"https:\/\/www.bengudoor.com\/en\/#website\"},\"primaryImageOfPage\":{\"@id\":\"https:\/\/bengudoor.com\/en\/contact\/#primaryimage\"},\"image\":{\"@id\":\"https:\/\/bengudoor.com\/en\/contact\/#primaryimage\"},\"thumbnailUrl\":\"https:\/\/bengudoor.com\/wp-content\/uploads\/2024\/02\/bengu-hakkimizda-gorsel-2.webp\",\"datePublished\":\"2023-12-25T20:15:03+00:00\",\"dateModified\":\"2024-07-08T10:01:08+00:00\",\"description\":\"Visit our contact page to get in touch with Beng\u00fc Door. Contact us for your questions and requests.\",\"breadcrumb\":{\"@id\":\"https:\/\/bengudoor.com\/en\/contact\/#breadcrumb\"},\"inLanguage\":\"en-US\",\"potentialAction\":[{\"@type\":\"ReadAction\",\"target\":[\"https:\/\/bengudoor.com\/en\/contact\/\"]}]},{\"@type\":\"ImageObject\",\"inLanguage\":\"en-US\",\"@id\":\"https:\/\/bengudoor.com\/en\/contact\/#primaryimage\",\"url\":\"https:\/\/bengudoor.com\/wp-content\/uploads\/2024\/02\/bengu-hakkimizda-gorsel-2.webp\",\"contentUrl\":\"https:\/\/bengudoor.com\/wp-content\/uploads\/2024\/02\/bengu-hakkimizda-gorsel-2.webp\",\"width\":1080,\"height\":1080},{\"@type\":\"BreadcrumbList\",\"@id\":\"https:\/\/bengudoor.com\/en\/contact\/#breadcrumb\",\"itemListElement\":[{\"@type\":\"ListItem\",\"position\":1,\"name\":\"Anasayfa\",\"item\":\"https:\/\/www.bengudoor.com\/en\/\"},{\"@type\":\"ListItem\",\"position\":2,\"name\":\"Contact\"}]},{\"@type\":\"WebSite\",\"@id\":\"https:\/\/www.bengudoor.com\/en\/#website\",\"url\":\"https:\/\/www.bengudoor.com\/en\/\",\"name\":\"Beng\u00fc Kap\u0131 ve Orman \u00dcr\u00fcnleri\",\"description\":\"\",\"publisher\":{\"@id\":\"https:\/\/www.bengudoor.com\/en\/#organization\"},\"potentialAction\":[{\"@type\":\"SearchAction\",\"target\":{\"@type\":\"EntryPoint\",\"urlTemplate\":\"https:\/\/www.bengudoor.com\/en\/?s={search_term_string}\"},\"query-input\":\"required name=search_term_string\"}],\"inLanguage\":\"en-US\"},{\"@type\":\"Organization\",\"@id\":\"https:\/\/www.bengudoor.com\/en\/#organization\",\"name\":\"Beng\u00fc Door\",\"url\":\"https:\/\/www.bengudoor.com\/en\/\",\"logo\":{\"@type\":\"ImageObject\",\"inLanguage\":\"en-US\",\"@id\":\"https:\/\/www.bengudoor.com\/en\/#\/schema\/logo\/image\/\",\"url\":\"https:\/\/bengudoor.com\/wp-content\/uploads\/2023\/12\/bengu-logo.png\",\"contentUrl\":\"https:\/\/bengudoor.com\/wp-content\/uploads\/2023\/12\/bengu-logo.png\",\"width\":500,\"height\":114,\"caption\":\"Beng\u00fc Door\"},\"image\":{\"@id\":\"https:\/\/www.bengudoor.com\/en\/#\/schema\/logo\/image\/\"},\"sameAs\":[\"https:\/\/www.facebook.com\/bengudoor\"]}]}<\/script>\n<!-- \/ Yoast SEO plugin. -->","yoast_head_json":{"title":"Contact Details - Beng\u00fc Door","description":"Visit our contact page to get in touch with Beng\u00fc Door. Contact us for your questions and requests.","robots":{"index":"index","follow":"follow","max-snippet":"max-snippet:-1","max-image-preview":"max-image-preview:large","max-video-preview":"max-video-preview:-1"},"canonical":"https:\/\/bengudoor.com\/en\/contact\/","og_locale":"en_US","og_type":"article","og_title":"Contact Details - Beng\u00fc Door","og_description":"Visit our contact page to get in touch with Beng\u00fc Door. Contact us for your questions and requests.","og_url":"https:\/\/bengudoor.com\/en\/contact\/","og_site_name":"Beng\u00fc Kap\u0131 ve Orman \u00dcr\u00fcnleri","article_publisher":"https:\/\/www.facebook.com\/bengudoor","article_modified_time":"2024-07-08T10:01:08+00:00","og_image":[{"width":1080,"height":1080,"url":"https:\/\/bengudoor.com\/wp-content\/uploads\/2024\/02\/bengu-hakkimizda-gorsel-2.webp","type":"image\/webp"}],"twitter_card":"summary_large_image","twitter_misc":{"Est. reading time":"1 minute"},"schema":{"@context":"https:\/\/schema.org","@graph":[{"@type":"WebPage","@id":"https:\/\/bengudoor.com\/en\/contact\/","url":"https:\/\/bengudoor.com\/en\/contact\/","name":"Contact Details - Beng\u00fc Door","isPartOf":{"@id":"https:\/\/www.bengudoor.com\/en\/#website"},"primaryImageOfPage":{"@id":"https:\/\/bengudoor.com\/en\/contact\/#primaryimage"},"image":{"@id":"https:\/\/bengudoor.com\/en\/contact\/#primaryimage"},"thumbnailUrl":"https:\/\/bengudoor.com\/wp-content\/uploads\/2024\/02\/bengu-hakkimizda-gorsel-2.webp","datePublished":"2023-12-25T20:15:03+00:00","dateModified":"2024-07-08T10:01:08+00:00","description":"Visit our contact page to get in touch with Beng\u00fc Door. Contact us for your questions and requests.","breadcrumb":{"@id":"https:\/\/bengudoor.com\/en\/contact\/#breadcrumb"},"inLanguage":"en-US","potentialAction":[{"@type":"ReadAction","target":["https:\/\/bengudoor.com\/en\/contact\/"]}]},{"@type":"ImageObject","inLanguage":"en-US","@id":"https:\/\/bengudoor.com\/en\/contact\/#primaryimage","url":"https:\/\/bengudoor.com\/wp-content\/uploads\/2024\/02\/bengu-hakkimizda-gorsel-2.webp","contentUrl":"https:\/\/bengudoor.com\/wp-content\/uploads\/2024\/02\/bengu-hakkimizda-gorsel-2.webp","width":1080,"height":1080},{"@type":"BreadcrumbList","@id":"https:\/\/bengudoor.com\/en\/contact\/#breadcrumb","itemListElement":[{"@type":"ListItem","position":1,"name":"Anasayfa","item":"https:\/\/www.bengudoor.com\/en\/"},{"@type":"ListItem","position":2,"name":"Contact"}]},{"@type":"WebSite","@id":"https:\/\/www.bengudoor.com\/en\/#website","url":"https:\/\/www.bengudoor.com\/en\/","name":"Beng\u00fc Kap\u0131 ve Orman \u00dcr\u00fcnleri","description":"","publisher":{"@id":"https:\/\/www.bengudoor.com\/en\/#organization"},"potentialAction":[{"@type":"SearchAction","target":{"@type":"EntryPoint","urlTemplate":"https:\/\/www.bengudoor.com\/en\/?s={search_term_string}"},"query-input":"required name=search_term_string"}],"inLanguage":"en-US"},{"@type":"Organization","@id":"https:\/\/www.bengudoor.com\/en\/#organization","name":"Beng\u00fc Door","url":"https:\/\/www.bengudoor.com\/en\/","logo":{"@type":"ImageObject","inLanguage":"en-US","@id":"https:\/\/www.bengudoor.com\/en\/#\/schema\/logo\/image\/","url":"https:\/\/bengudoor.com\/wp-content\/uploads\/2023\/12\/bengu-logo.png","contentUrl":"https:\/\/bengudoor.com\/wp-content\/uploads\/2023\/12\/bengu-logo.png","width":500,"height":114,"caption":"Beng\u00fc Door"},"image":{"@id":"https:\/\/www.bengudoor.com\/en\/#\/schema\/logo\/image\/"},"sameAs":["https:\/\/www.facebook.com\/bengudoor"]}]}},"_links":{"self":[{"href":"https:\/\/bengudoor.com\/en\/wp-json\/wp\/v2\/pages\/1832","targetHints":{"allow":["GET"]}}],"collection":[{"href":"https:\/\/bengudoor.com\/en\/wp-json\/wp\/v2\/pages"}],"about":[{"href":"https:\/\/bengudoor.com\/en\/wp-json\/wp\/v2\/types\/page"}],"author":[{"embeddable":true,"href":"https:\/\/bengudoor.com\/en\/wp-json\/wp\/v2\/users\/1"}],"replies":[{"embeddable":true,"href":"https:\/\/bengudoor.com\/en\/wp-json\/wp\/v2\/comments?post=1832"}],"version-history":[{"count":4,"href":"https:\/\/bengudoor.com\/en\/wp-json\/wp\/v2\/pages\/1832\/revisions"}],"predecessor-version":[{"id":1837,"href":"https:\/\/bengudoor.com\/en\/wp-json\/wp\/v2\/pages\/1832\/revisions\/1837"}],"wp:featuredmedia":[{"embeddable":true,"href":"https:\/\/bengudoor.com\/en\/wp-json\/wp\/v2\/media\/1815"}],"wp:attachment":[{"href":"https:\/\/bengudoor.com\/en\/wp-json\/wp\/v2\/media?parent=1832"}],"curies":[{"name":"wp","href":"https:\/\/api.w.org\/{rel}","templated":true}]}}