{"id":1827,"date":"2023-12-23T00:35:25","date_gmt":"2023-12-22T21:35:25","guid":{"rendered":"https:\/\/bengudoor.com\/hakkimizda\/"},"modified":"2024-07-08T12:51:00","modified_gmt":"2024-07-08T09:51:00","slug":"about-us","status":"publish","type":"page","link":"https:\/\/bengudoor.com\/en\/about-us\/","title":{"rendered":"About Us"},"content":{"rendered":"\t\t<div data-elementor-type=\"wp-page\" data-elementor-id=\"1827\" class=\"elementor elementor-1827\">\n\t\t\t\t<div class=\"wd-negative-gap elementor-element elementor-element-6308831 wd-section-stretch e-flex e-con-boxed e-con e-parent\" data-id=\"6308831\" data-element_type=\"container\" data-e-type=\"container\" data-settings=\"{&quot;background_background&quot;:&quot;classic&quot;}\">\n\t\t\t\t\t<div class=\"e-con-inner\">\n\t\t\t\t<div class=\"elementor-element elementor-element-cf5fb1f wd-width-100 elementor-widget elementor-widget-wd_title\" data-id=\"cf5fb1f\" data-element_type=\"widget\" data-e-type=\"widget\" data-widget_type=\"wd_title.default\">\n\t\t\t\t<div class=\"elementor-widget-container\">\n\t\t\t\t\t\t\t<div class=\"title-wrapper wd-set-mb reset-last-child wd-title-color-default wd-title-style-default wd-title-size-default text-center\">\n\n\t\t\t\n\t\t\t<div class=\"liner-continer\">\n\t\t\t\t<h4 class=\"woodmart-title-container title wd-fontsize-l\">ABOUT US<\/h4> \n\t\t\t\t\t\t\t<\/div>\n\n\t\t\t\t\t<\/div>\n\t\t\t\t\t\t<\/div>\n\t\t\t\t<\/div>\n\t\t\t\t\t<\/div>\n\t\t\t\t<\/div>\n\t\t<div class=\"elementor-element elementor-element-2100b2c e-con-full e-flex e-con e-parent\" data-id=\"2100b2c\" data-element_type=\"container\" data-e-type=\"container\">\n\t\t<div class=\"elementor-element elementor-element-dfba5b5 e-con-full e-flex e-con e-child\" data-id=\"dfba5b5\" data-element_type=\"container\" data-e-type=\"container\">\n\t\t\t\t<div class=\"elementor-element elementor-element-c9d1767 elementor-widget elementor-widget-image\" data-id=\"c9d1767\" data-element_type=\"widget\" data-e-type=\"widget\" data-widget_type=\"image.default\">\n\t\t\t\t<div class=\"elementor-widget-container\">\n\t\t\t\t\t\t\t\t\t\t\t\t\t\t\t<img loading=\"lazy\" decoding=\"async\" width=\"1024\" height=\"1024\" src=\"https:\/\/bengudoor.com\/wp-content\/uploads\/2024\/02\/bengu-hakkimizda-gorsel-7-1024x1024.webp\" class=\"attachment-large size-large wp-image-1430\" alt=\"\" srcset=\"https:\/\/bengudoor.com\/wp-content\/uploads\/2024\/02\/bengu-hakkimizda-gorsel-7-1024x1024.webp 1024w, https:\/\/bengudoor.com\/wp-content\/uploads\/2024\/02\/bengu-hakkimizda-gorsel-7-300x300.webp 300w, https:\/\/bengudoor.com\/wp-content\/uploads\/2024\/02\/bengu-hakkimizda-gorsel-7-150x150.webp 150w, https:\/\/bengudoor.com\/wp-content\/uploads\/2024\/02\/bengu-hakkimizda-gorsel-7-768x768.webp 768w, https:\/\/bengudoor.com\/wp-content\/uploads\/2024\/02\/bengu-hakkimizda-gorsel-7.webp 1080w\" sizes=\"auto, (max-width: 1024px) 100vw, 1024px\" \/>\t\t\t\t\t\t\t\t\t\t\t\t\t\t\t<\/div>\n\t\t\t\t<\/div>\n\t\t\t\t<\/div>\n\t\t<div class=\"elementor-element elementor-element-2e8adda e-con-full e-flex e-con e-child\" data-id=\"2e8adda\" data-element_type=\"container\" data-e-type=\"container\">\n\t\t\t\t<div class=\"elementor-element elementor-element-5bd5c7e wd-width-100 elementor-widget elementor-widget-wd_title\" data-id=\"5bd5c7e\" data-element_type=\"widget\" data-e-type=\"widget\" data-widget_type=\"wd_title.default\">\n\t\t\t\t<div class=\"elementor-widget-container\">\n\t\t\t\t\t\t\t<div class=\"title-wrapper wd-set-mb reset-last-child wd-title-color-default wd-title-style-default wd-title-size-default text-left\">\n\n\t\t\t\n\t\t\t<div class=\"liner-continer\">\n\t\t\t\t<h4 class=\"woodmart-title-container title wd-fontsize-l\">BENG\u00dc DOOR<\/h4> \n\t\t\t\t\t\t\t<\/div>\n\n\t\t\t\t\t<\/div>\n\t\t\t\t\t\t<\/div>\n\t\t\t\t<\/div>\n\t\t\t\t<div class=\"elementor-element elementor-element-6ccf256 color-scheme-inherit text-left elementor-widget elementor-widget-text-editor\" data-id=\"6ccf256\" data-element_type=\"widget\" data-e-type=\"widget\" data-widget_type=\"text-editor.default\">\n\t\t\t\t<div class=\"elementor-widget-container\">\n\t\t\t\t\t\t\t\t\t<p>Founded in 2007, Beng\u00fc Kap\u0131 is a company that aims to make a difference in the door sector by combining quality and innovation. Since our establishment, we have been specializing in PVC and lacquered doors, offering a wide range of products to our customers. Each of our doors is carefully designed and manufactured to meet the aesthetic and functional needs of homes and workplaces.<\/p><p>As Beng\u00fc Kap\u0131, we prioritize the quality and durability of our products. Our PVC doors stand out with their modern designs and long-lasting structure, while our lacquered doors attract attention with their elegant appearance and superior workmanship. Both types of doors are manufactured to high standards in terms of aesthetics and functionality.<\/p><p>In order to keep customer satisfaction at the highest level, we use quality materials and constantly innovate and improve our products. Beng\u00fc Kap\u0131 not only offers quality products, but also provides customized solutions to its customers. Whether you are looking for a modern or classic style door, we offer customized designs to suit the taste and needs of each of our customers.<\/p><p>With 15 years of experience in the sector, Beng\u00fc Kap\u0131 has managed to gain an important place in both local and national markets. With our quality and customer-oriented approach, we are improving ourselves day by day by following the innovations in the sector and we are moving towards becoming a pioneer in the door sector.<\/p>\t\t\t\t\t\t\t\t<\/div>\n\t\t\t\t<\/div>\n\t\t\t\t<\/div>\n\t\t\t\t<\/div>\n\t\t<div class=\"wd-negative-gap elementor-element elementor-element-9daa59d e-flex e-con-boxed e-con e-parent\" data-id=\"9daa59d\" data-element_type=\"container\" data-e-type=\"container\">\n\t\t\t\t\t<div class=\"e-con-inner\">\n\t\t\t\t<div class=\"elementor-element elementor-element-a69987e wd-width-100 elementor-widget elementor-widget-wd_images_gallery\" data-id=\"a69987e\" data-element_type=\"widget\" data-e-type=\"widget\" data-widget_type=\"wd_images_gallery.default\">\n\t\t\t\t<div class=\"elementor-widget-container\">\n\t\t\t\t\t\t\t<div class=\"wd-images-gallery photoswipe-images wd-carousel-container\" style=\"--wd-align-items:center; --wd-justify-content:center;\">\n\t\t\t\t\t\t\t<div class=\"wd-carousel-inner\">\n\t\t\t\t\t\t<div class=\"wd-carousel wd-grid\" data-scroll_per_page=\"yes\" style=\"--wd-col-lg:3;--wd-col-md:3;--wd-col-sm:1;--wd-gap-lg:6px;\">\n\t\t\t\t\t\t\t\t\t<div class=\"wd-carousel-wrap\">\n\t\t\t\t\t\t\t\t\t\t\t\t\t\t\t\t\t\t<div class=\"wd-gallery-item wd-carousel-item\">\n\t\t\t\t\t\t\t\t\t\t\t\t\t<a  href=\"https:\/\/bengudoor.com\/wp-content\/uploads\/2024\/02\/bengu-hakkimizda-gorsel-1.webp\" data-width=\"1080\" data-height=\"1080\" data-index=\"1\" data-elementor-open-lightbox=\"no\">\n\t\t\t\t\t\t\n\t\t\t\t\t\t<img loading=\"lazy\" decoding=\"async\" width=\"1024\" height=\"1024\" src=\"https:\/\/bengudoor.com\/wp-content\/uploads\/2024\/02\/bengu-hakkimizda-gorsel-1-1024x1024.webp\" class=\"attachment-large size-large\" alt=\"bengu hakkimizda gorsel 1\" srcset=\"https:\/\/bengudoor.com\/wp-content\/uploads\/2024\/02\/bengu-hakkimizda-gorsel-1-1024x1024.webp 1024w, https:\/\/bengudoor.com\/wp-content\/uploads\/2024\/02\/bengu-hakkimizda-gorsel-1-300x300.webp 300w, https:\/\/bengudoor.com\/wp-content\/uploads\/2024\/02\/bengu-hakkimizda-gorsel-1-150x150.webp 150w, https:\/\/bengudoor.com\/wp-content\/uploads\/2024\/02\/bengu-hakkimizda-gorsel-1-768x768.webp 768w, https:\/\/bengudoor.com\/wp-content\/uploads\/2024\/02\/bengu-hakkimizda-gorsel-1.webp 1080w\" sizes=\"auto, (max-width: 1024px) 100vw, 1024px\" \/>\n\t\t\t\t\t\t\t\t\t\t\t\t\t<\/a>\n\t\t\t\t\t\t\t\t\t\t\t<\/div>\n\t\t\t\t\t\t\t\t\t\t\t\t\t\t\t<div class=\"wd-gallery-item wd-carousel-item\">\n\t\t\t\t\t\t\t\t\t\t\t\t\t<a  href=\"https:\/\/bengudoor.com\/wp-content\/uploads\/2024\/02\/bengu-hakkimizda-gorsel-7.webp\" data-width=\"1080\" data-height=\"1080\" data-index=\"2\" data-elementor-open-lightbox=\"no\">\n\t\t\t\t\t\t\n\t\t\t\t\t\t<img loading=\"lazy\" decoding=\"async\" width=\"1024\" height=\"1024\" src=\"https:\/\/bengudoor.com\/wp-content\/uploads\/2024\/02\/bengu-hakkimizda-gorsel-7-1024x1024.webp\" class=\"attachment-large size-large\" alt=\"bengu hakkimizda gorsel 7\" srcset=\"https:\/\/bengudoor.com\/wp-content\/uploads\/2024\/02\/bengu-hakkimizda-gorsel-7-1024x1024.webp 1024w, https:\/\/bengudoor.com\/wp-content\/uploads\/2024\/02\/bengu-hakkimizda-gorsel-7-300x300.webp 300w, https:\/\/bengudoor.com\/wp-content\/uploads\/2024\/02\/bengu-hakkimizda-gorsel-7-150x150.webp 150w, https:\/\/bengudoor.com\/wp-content\/uploads\/2024\/02\/bengu-hakkimizda-gorsel-7-768x768.webp 768w, https:\/\/bengudoor.com\/wp-content\/uploads\/2024\/02\/bengu-hakkimizda-gorsel-7.webp 1080w\" sizes=\"auto, (max-width: 1024px) 100vw, 1024px\" \/>\n\t\t\t\t\t\t\t\t\t\t\t\t\t<\/a>\n\t\t\t\t\t\t\t\t\t\t\t<\/div>\n\t\t\t\t\t\t\t\t\t\t\t\t\t\t\t<div class=\"wd-gallery-item wd-carousel-item\">\n\t\t\t\t\t\t\t\t\t\t\t\t\t<a  href=\"https:\/\/bengudoor.com\/wp-content\/uploads\/2024\/02\/bengu-hakkimizda-gorsel-6.webp\" data-width=\"1080\" data-height=\"1080\" data-index=\"3\" data-elementor-open-lightbox=\"no\">\n\t\t\t\t\t\t\n\t\t\t\t\t\t<img loading=\"lazy\" decoding=\"async\" width=\"1024\" height=\"1024\" src=\"https:\/\/bengudoor.com\/wp-content\/uploads\/2024\/02\/bengu-hakkimizda-gorsel-6-1024x1024.webp\" class=\"attachment-large size-large\" alt=\"bengu hakkimizda gorsel 6\" srcset=\"https:\/\/bengudoor.com\/wp-content\/uploads\/2024\/02\/bengu-hakkimizda-gorsel-6-1024x1024.webp 1024w, https:\/\/bengudoor.com\/wp-content\/uploads\/2024\/02\/bengu-hakkimizda-gorsel-6-300x300.webp 300w, https:\/\/bengudoor.com\/wp-content\/uploads\/2024\/02\/bengu-hakkimizda-gorsel-6-150x150.webp 150w, https:\/\/bengudoor.com\/wp-content\/uploads\/2024\/02\/bengu-hakkimizda-gorsel-6-768x768.webp 768w, https:\/\/bengudoor.com\/wp-content\/uploads\/2024\/02\/bengu-hakkimizda-gorsel-6.webp 1080w\" sizes=\"auto, (max-width: 1024px) 100vw, 1024px\" \/>\n\t\t\t\t\t\t\t\t\t\t\t\t\t<\/a>\n\t\t\t\t\t\t\t\t\t\t\t<\/div>\n\t\t\t\t\t\t\t\t\t\t\t\t\t\t\t<div class=\"wd-gallery-item wd-carousel-item\">\n\t\t\t\t\t\t\t\t\t\t\t\t\t<a  href=\"https:\/\/bengudoor.com\/wp-content\/uploads\/2024\/02\/bengu-hakkimizda-gorsel-5.webp\" data-width=\"1080\" data-height=\"1080\" data-index=\"4\" data-elementor-open-lightbox=\"no\">\n\t\t\t\t\t\t\n\t\t\t\t\t\t<img loading=\"lazy\" decoding=\"async\" width=\"1024\" height=\"1024\" src=\"https:\/\/bengudoor.com\/wp-content\/uploads\/2024\/02\/bengu-hakkimizda-gorsel-5-1024x1024.webp\" class=\"attachment-large size-large\" alt=\"bengu hakkimizda gorsel 5\" srcset=\"https:\/\/bengudoor.com\/wp-content\/uploads\/2024\/02\/bengu-hakkimizda-gorsel-5-1024x1024.webp 1024w, https:\/\/bengudoor.com\/wp-content\/uploads\/2024\/02\/bengu-hakkimizda-gorsel-5-300x300.webp 300w, https:\/\/bengudoor.com\/wp-content\/uploads\/2024\/02\/bengu-hakkimizda-gorsel-5-150x150.webp 150w, https:\/\/bengudoor.com\/wp-content\/uploads\/2024\/02\/bengu-hakkimizda-gorsel-5-768x768.webp 768w, https:\/\/bengudoor.com\/wp-content\/uploads\/2024\/02\/bengu-hakkimizda-gorsel-5.webp 1080w\" sizes=\"auto, (max-width: 1024px) 100vw, 1024px\" \/>\n\t\t\t\t\t\t\t\t\t\t\t\t\t<\/a>\n\t\t\t\t\t\t\t\t\t\t\t<\/div>\n\t\t\t\t\t\t\t\t\t\t\t\t\t\t\t<div class=\"wd-gallery-item wd-carousel-item\">\n\t\t\t\t\t\t\t\t\t\t\t\t\t<a  href=\"https:\/\/bengudoor.com\/wp-content\/uploads\/2024\/02\/bengu-hakkimizda-gorsel-4.webp\" data-width=\"1080\" data-height=\"1080\" data-index=\"5\" data-elementor-open-lightbox=\"no\">\n\t\t\t\t\t\t\n\t\t\t\t\t\t<img loading=\"lazy\" decoding=\"async\" width=\"1024\" height=\"1024\" src=\"https:\/\/bengudoor.com\/wp-content\/uploads\/2024\/02\/bengu-hakkimizda-gorsel-4-1024x1024.webp\" class=\"attachment-large size-large\" alt=\"bengu hakkimizda gorsel 4\" srcset=\"https:\/\/bengudoor.com\/wp-content\/uploads\/2024\/02\/bengu-hakkimizda-gorsel-4-1024x1024.webp 1024w, https:\/\/bengudoor.com\/wp-content\/uploads\/2024\/02\/bengu-hakkimizda-gorsel-4-300x300.webp 300w, https:\/\/bengudoor.com\/wp-content\/uploads\/2024\/02\/bengu-hakkimizda-gorsel-4-150x150.webp 150w, https:\/\/bengudoor.com\/wp-content\/uploads\/2024\/02\/bengu-hakkimizda-gorsel-4-768x768.webp 768w, https:\/\/bengudoor.com\/wp-content\/uploads\/2024\/02\/bengu-hakkimizda-gorsel-4.webp 1080w\" sizes=\"auto, (max-width: 1024px) 100vw, 1024px\" \/>\n\t\t\t\t\t\t\t\t\t\t\t\t\t<\/a>\n\t\t\t\t\t\t\t\t\t\t\t<\/div>\n\t\t\t\t\t\t\t\t\t\t\t\t\t\t\t<div class=\"wd-gallery-item wd-carousel-item\">\n\t\t\t\t\t\t\t\t\t\t\t\t\t<a  href=\"https:\/\/bengudoor.com\/wp-content\/uploads\/2024\/02\/bengu-hakkimizda-gorsel-3.webp\" data-width=\"1080\" data-height=\"1080\" data-index=\"6\" data-elementor-open-lightbox=\"no\">\n\t\t\t\t\t\t\n\t\t\t\t\t\t<img loading=\"lazy\" decoding=\"async\" width=\"1024\" height=\"1024\" src=\"https:\/\/bengudoor.com\/wp-content\/uploads\/2024\/02\/bengu-hakkimizda-gorsel-3-1024x1024.webp\" class=\"attachment-large size-large\" alt=\"bengu hakkimizda gorsel 3\" srcset=\"https:\/\/bengudoor.com\/wp-content\/uploads\/2024\/02\/bengu-hakkimizda-gorsel-3-1024x1024.webp 1024w, https:\/\/bengudoor.com\/wp-content\/uploads\/2024\/02\/bengu-hakkimizda-gorsel-3-300x300.webp 300w, https:\/\/bengudoor.com\/wp-content\/uploads\/2024\/02\/bengu-hakkimizda-gorsel-3-150x150.webp 150w, https:\/\/bengudoor.com\/wp-content\/uploads\/2024\/02\/bengu-hakkimizda-gorsel-3-768x768.webp 768w, https:\/\/bengudoor.com\/wp-content\/uploads\/2024\/02\/bengu-hakkimizda-gorsel-3.webp 1080w\" sizes=\"auto, (max-width: 1024px) 100vw, 1024px\" \/>\n\t\t\t\t\t\t\t\t\t\t\t\t\t<\/a>\n\t\t\t\t\t\t\t\t\t\t\t<\/div>\n\t\t\t\t\t\t\t\t\t\t\t\t\t\t\t<div class=\"wd-gallery-item wd-carousel-item\">\n\t\t\t\t\t\t\t\t\t\t\t\t\t<a  href=\"https:\/\/bengudoor.com\/wp-content\/uploads\/2024\/02\/bengu-hakkimizda-gorsel-2.webp\" data-width=\"1080\" data-height=\"1080\" data-index=\"7\" data-elementor-open-lightbox=\"no\">\n\t\t\t\t\t\t\n\t\t\t\t\t\t<img loading=\"lazy\" decoding=\"async\" width=\"1024\" height=\"1024\" src=\"https:\/\/bengudoor.com\/wp-content\/uploads\/2024\/02\/bengu-hakkimizda-gorsel-2-1024x1024.webp\" class=\"attachment-large size-large\" alt=\"bengu hakkimizda gorsel 2\" srcset=\"https:\/\/bengudoor.com\/wp-content\/uploads\/2024\/02\/bengu-hakkimizda-gorsel-2-1024x1024.webp 1024w, https:\/\/bengudoor.com\/wp-content\/uploads\/2024\/02\/bengu-hakkimizda-gorsel-2-300x300.webp 300w, https:\/\/bengudoor.com\/wp-content\/uploads\/2024\/02\/bengu-hakkimizda-gorsel-2-150x150.webp 150w, https:\/\/bengudoor.com\/wp-content\/uploads\/2024\/02\/bengu-hakkimizda-gorsel-2-768x768.webp 768w, https:\/\/bengudoor.com\/wp-content\/uploads\/2024\/02\/bengu-hakkimizda-gorsel-2.webp 1080w\" sizes=\"auto, (max-width: 1024px) 100vw, 1024px\" \/>\n\t\t\t\t\t\t\t\t\t\t\t\t\t<\/a>\n\t\t\t\t\t\t\t\t\t\t\t<\/div>\n\t\t\t\t\t\t\t\t\t\t\t\t\t\t\t\t<\/div>\n\t\t\t\t\t\t\t\t<\/div>\n\t\t\t\t\t\t\t\t\t\t\t\t\t\t<div class=\"wd-nav-arrows wd-pos-sep wd-hover-1 wd-icon-1\">\n\t\t\t<div class=\"wd-btn-arrow wd-prev wd-disabled\">\n\t\t\t\t<div class=\"wd-arrow-inner\"><\/div>\n\t\t\t<\/div>\n\t\t\t<div class=\"wd-btn-arrow wd-next\">\n\t\t\t\t<div class=\"wd-arrow-inner\"><\/div>\n\t\t\t<\/div>\n\t\t<\/div>\n\t\t\t\t\t\t\n\t\t\t\t<\/div>\n\n\t\t\t\t\t\t<div class=\"wd-nav-pagin-wrap text-center wd-style-shape wd-hide-md-sm wd-hide-sm\">\n\t\t\t<ul class=\"wd-nav-pagin\"><\/ul>\n\t\t<\/div>\n\t\t\t\t\t\t\t\t\t\t\t<\/div>\n\t\t\t\t\t\t<\/div>\n\t\t\t\t<\/div>\n\t\t\t\t\t<\/div>\n\t\t\t\t<\/div>\n\t\t\t\t<\/div>\n\t\t","protected":false},"excerpt":{"rendered":"<p>ABOUT US BENG\u00dc DOOR Founded in 2007, Beng\u00fc Kap\u0131 is a company that aims to make a difference in the<\/p>\n","protected":false},"author":1,"featured_media":1814,"parent":0,"menu_order":0,"comment_status":"closed","ping_status":"open","template":"","meta":{"footnotes":""},"class_list":["post-1827","page","type-page","status-publish","has-post-thumbnail","hentry"],"yoast_head":"<!-- This site is optimized with the Yoast SEO plugin v22.7 - https:\/\/yoast.com\/wordpress\/plugins\/seo\/ -->\n<title>Beng\u00fc Door | Specialized in Lacquered and PVC Door Production<\/title>\n<meta name=\"description\" content=\"Beng\u00fc Door is a leading company in the production of quality lacquered and PVC doors. We make a difference in the sector with our team and innovative designs.\" \/>\n<meta name=\"robots\" content=\"index, follow, max-snippet:-1, max-image-preview:large, max-video-preview:-1\" \/>\n<link rel=\"canonical\" href=\"https:\/\/bengudoor.com\/en\/about-us\/\" \/>\n<meta property=\"og:locale\" content=\"en_US\" \/>\n<meta property=\"og:type\" content=\"article\" \/>\n<meta property=\"og:title\" content=\"Beng\u00fc Door | Specialized in Lacquered and PVC Door Production\" \/>\n<meta property=\"og:description\" content=\"Beng\u00fc Door is a leading company in the production of quality lacquered and PVC doors. We make a difference in the sector with our team and innovative designs.\" \/>\n<meta property=\"og:url\" content=\"https:\/\/bengudoor.com\/en\/about-us\/\" \/>\n<meta property=\"og:site_name\" content=\"Beng\u00fc Kap\u0131 ve Orman \u00dcr\u00fcnleri\" \/>\n<meta property=\"article:publisher\" content=\"https:\/\/www.facebook.com\/bengudoor\" \/>\n<meta property=\"article:modified_time\" content=\"2024-07-08T09:51:00+00:00\" \/>\n<meta property=\"og:image\" content=\"https:\/\/bengudoor.com\/wp-content\/uploads\/2024\/02\/bengu-hakkimizda-gorsel-1.webp\" \/>\n\t<meta property=\"og:image:width\" content=\"1080\" \/>\n\t<meta property=\"og:image:height\" content=\"1080\" \/>\n\t<meta property=\"og:image:type\" content=\"image\/webp\" \/>\n<meta name=\"twitter:card\" content=\"summary_large_image\" \/>\n<meta name=\"twitter:label1\" content=\"Est. reading time\" \/>\n\t<meta name=\"twitter:data1\" content=\"3 minutes\" \/>\n<script type=\"application\/ld+json\" class=\"yoast-schema-graph\">{\"@context\":\"https:\/\/schema.org\",\"@graph\":[{\"@type\":\"WebPage\",\"@id\":\"https:\/\/bengudoor.com\/en\/about-us\/\",\"url\":\"https:\/\/bengudoor.com\/en\/about-us\/\",\"name\":\"Beng\u00fc Door | Specialized in Lacquered and PVC Door Production\",\"isPartOf\":{\"@id\":\"https:\/\/www.bengudoor.com\/en\/#website\"},\"primaryImageOfPage\":{\"@id\":\"https:\/\/bengudoor.com\/en\/about-us\/#primaryimage\"},\"image\":{\"@id\":\"https:\/\/bengudoor.com\/en\/about-us\/#primaryimage\"},\"thumbnailUrl\":\"https:\/\/bengudoor.com\/wp-content\/uploads\/2024\/02\/bengu-hakkimizda-gorsel-1.webp\",\"datePublished\":\"2023-12-22T21:35:25+00:00\",\"dateModified\":\"2024-07-08T09:51:00+00:00\",\"description\":\"Beng\u00fc Door is a leading company in the production of quality lacquered and PVC doors. We make a difference in the sector with our team and innovative designs.\",\"breadcrumb\":{\"@id\":\"https:\/\/bengudoor.com\/en\/about-us\/#breadcrumb\"},\"inLanguage\":\"en-US\",\"potentialAction\":[{\"@type\":\"ReadAction\",\"target\":[\"https:\/\/bengudoor.com\/en\/about-us\/\"]}]},{\"@type\":\"ImageObject\",\"inLanguage\":\"en-US\",\"@id\":\"https:\/\/bengudoor.com\/en\/about-us\/#primaryimage\",\"url\":\"https:\/\/bengudoor.com\/wp-content\/uploads\/2024\/02\/bengu-hakkimizda-gorsel-1.webp\",\"contentUrl\":\"https:\/\/bengudoor.com\/wp-content\/uploads\/2024\/02\/bengu-hakkimizda-gorsel-1.webp\",\"width\":1080,\"height\":1080},{\"@type\":\"BreadcrumbList\",\"@id\":\"https:\/\/bengudoor.com\/en\/about-us\/#breadcrumb\",\"itemListElement\":[{\"@type\":\"ListItem\",\"position\":1,\"name\":\"Anasayfa\",\"item\":\"https:\/\/www.bengudoor.com\/en\/\"},{\"@type\":\"ListItem\",\"position\":2,\"name\":\"About Us\"}]},{\"@type\":\"WebSite\",\"@id\":\"https:\/\/www.bengudoor.com\/en\/#website\",\"url\":\"https:\/\/www.bengudoor.com\/en\/\",\"name\":\"Beng\u00fc Kap\u0131 ve Orman \u00dcr\u00fcnleri\",\"description\":\"\",\"publisher\":{\"@id\":\"https:\/\/www.bengudoor.com\/en\/#organization\"},\"potentialAction\":[{\"@type\":\"SearchAction\",\"target\":{\"@type\":\"EntryPoint\",\"urlTemplate\":\"https:\/\/www.bengudoor.com\/en\/?s={search_term_string}\"},\"query-input\":\"required name=search_term_string\"}],\"inLanguage\":\"en-US\"},{\"@type\":\"Organization\",\"@id\":\"https:\/\/www.bengudoor.com\/en\/#organization\",\"name\":\"Beng\u00fc Door\",\"url\":\"https:\/\/www.bengudoor.com\/en\/\",\"logo\":{\"@type\":\"ImageObject\",\"inLanguage\":\"en-US\",\"@id\":\"https:\/\/www.bengudoor.com\/en\/#\/schema\/logo\/image\/\",\"url\":\"https:\/\/bengudoor.com\/wp-content\/uploads\/2023\/12\/bengu-logo.png\",\"contentUrl\":\"https:\/\/bengudoor.com\/wp-content\/uploads\/2023\/12\/bengu-logo.png\",\"width\":500,\"height\":114,\"caption\":\"Beng\u00fc Door\"},\"image\":{\"@id\":\"https:\/\/www.bengudoor.com\/en\/#\/schema\/logo\/image\/\"},\"sameAs\":[\"https:\/\/www.facebook.com\/bengudoor\"]}]}<\/script>\n<!-- \/ Yoast SEO plugin. -->","yoast_head_json":{"title":"Beng\u00fc Door | Specialized in Lacquered and PVC Door Production","description":"Beng\u00fc Door is a leading company in the production of quality lacquered and PVC doors. We make a difference in the sector with our team and innovative designs.","robots":{"index":"index","follow":"follow","max-snippet":"max-snippet:-1","max-image-preview":"max-image-preview:large","max-video-preview":"max-video-preview:-1"},"canonical":"https:\/\/bengudoor.com\/en\/about-us\/","og_locale":"en_US","og_type":"article","og_title":"Beng\u00fc Door | Specialized in Lacquered and PVC Door Production","og_description":"Beng\u00fc Door is a leading company in the production of quality lacquered and PVC doors. We make a difference in the sector with our team and innovative designs.","og_url":"https:\/\/bengudoor.com\/en\/about-us\/","og_site_name":"Beng\u00fc Kap\u0131 ve Orman \u00dcr\u00fcnleri","article_publisher":"https:\/\/www.facebook.com\/bengudoor","article_modified_time":"2024-07-08T09:51:00+00:00","og_image":[{"width":1080,"height":1080,"url":"https:\/\/bengudoor.com\/wp-content\/uploads\/2024\/02\/bengu-hakkimizda-gorsel-1.webp","type":"image\/webp"}],"twitter_card":"summary_large_image","twitter_misc":{"Est. reading time":"3 minutes"},"schema":{"@context":"https:\/\/schema.org","@graph":[{"@type":"WebPage","@id":"https:\/\/bengudoor.com\/en\/about-us\/","url":"https:\/\/bengudoor.com\/en\/about-us\/","name":"Beng\u00fc Door | Specialized in Lacquered and PVC Door Production","isPartOf":{"@id":"https:\/\/www.bengudoor.com\/en\/#website"},"primaryImageOfPage":{"@id":"https:\/\/bengudoor.com\/en\/about-us\/#primaryimage"},"image":{"@id":"https:\/\/bengudoor.com\/en\/about-us\/#primaryimage"},"thumbnailUrl":"https:\/\/bengudoor.com\/wp-content\/uploads\/2024\/02\/bengu-hakkimizda-gorsel-1.webp","datePublished":"2023-12-22T21:35:25+00:00","dateModified":"2024-07-08T09:51:00+00:00","description":"Beng\u00fc Door is a leading company in the production of quality lacquered and PVC doors. We make a difference in the sector with our team and innovative designs.","breadcrumb":{"@id":"https:\/\/bengudoor.com\/en\/about-us\/#breadcrumb"},"inLanguage":"en-US","potentialAction":[{"@type":"ReadAction","target":["https:\/\/bengudoor.com\/en\/about-us\/"]}]},{"@type":"ImageObject","inLanguage":"en-US","@id":"https:\/\/bengudoor.com\/en\/about-us\/#primaryimage","url":"https:\/\/bengudoor.com\/wp-content\/uploads\/2024\/02\/bengu-hakkimizda-gorsel-1.webp","contentUrl":"https:\/\/bengudoor.com\/wp-content\/uploads\/2024\/02\/bengu-hakkimizda-gorsel-1.webp","width":1080,"height":1080},{"@type":"BreadcrumbList","@id":"https:\/\/bengudoor.com\/en\/about-us\/#breadcrumb","itemListElement":[{"@type":"ListItem","position":1,"name":"Anasayfa","item":"https:\/\/www.bengudoor.com\/en\/"},{"@type":"ListItem","position":2,"name":"About Us"}]},{"@type":"WebSite","@id":"https:\/\/www.bengudoor.com\/en\/#website","url":"https:\/\/www.bengudoor.com\/en\/","name":"Beng\u00fc Kap\u0131 ve Orman \u00dcr\u00fcnleri","description":"","publisher":{"@id":"https:\/\/www.bengudoor.com\/en\/#organization"},"potentialAction":[{"@type":"SearchAction","target":{"@type":"EntryPoint","urlTemplate":"https:\/\/www.bengudoor.com\/en\/?s={search_term_string}"},"query-input":"required name=search_term_string"}],"inLanguage":"en-US"},{"@type":"Organization","@id":"https:\/\/www.bengudoor.com\/en\/#organization","name":"Beng\u00fc Door","url":"https:\/\/www.bengudoor.com\/en\/","logo":{"@type":"ImageObject","inLanguage":"en-US","@id":"https:\/\/www.bengudoor.com\/en\/#\/schema\/logo\/image\/","url":"https:\/\/bengudoor.com\/wp-content\/uploads\/2023\/12\/bengu-logo.png","contentUrl":"https:\/\/bengudoor.com\/wp-content\/uploads\/2023\/12\/bengu-logo.png","width":500,"height":114,"caption":"Beng\u00fc Door"},"image":{"@id":"https:\/\/www.bengudoor.com\/en\/#\/schema\/logo\/image\/"},"sameAs":["https:\/\/www.facebook.com\/bengudoor"]}]}},"_links":{"self":[{"href":"https:\/\/bengudoor.com\/en\/wp-json\/wp\/v2\/pages\/1827","targetHints":{"allow":["GET"]}}],"collection":[{"href":"https:\/\/bengudoor.com\/en\/wp-json\/wp\/v2\/pages"}],"about":[{"href":"https:\/\/bengudoor.com\/en\/wp-json\/wp\/v2\/types\/page"}],"author":[{"embeddable":true,"href":"https:\/\/bengudoor.com\/en\/wp-json\/wp\/v2\/users\/1"}],"replies":[{"embeddable":true,"href":"https:\/\/bengudoor.com\/en\/wp-json\/wp\/v2\/comments?post=1827"}],"version-history":[{"count":4,"href":"https:\/\/bengudoor.com\/en\/wp-json\/wp\/v2\/pages\/1827\/revisions"}],"predecessor-version":[{"id":1831,"href":"https:\/\/bengudoor.com\/en\/wp-json\/wp\/v2\/pages\/1827\/revisions\/1831"}],"wp:featuredmedia":[{"embeddable":true,"href":"https:\/\/bengudoor.com\/en\/wp-json\/wp\/v2\/media\/1814"}],"wp:attachment":[{"href":"https:\/\/bengudoor.com\/en\/wp-json\/wp\/v2\/media?parent=1827"}],"curies":[{"name":"wp","href":"https:\/\/api.w.org\/{rel}","templated":true}]}}